{"id":7,"date":"2021-04-11T12:48:25","date_gmt":"2021-04-11T12:48:25","guid":{"rendered":"https:\/\/sites.hpkainz.at\/homepage-gerhard\/wordpress-internist-pur\/wordpress\/?page_id=7"},"modified":"2023-07-25T08:18:19","modified_gmt":"2023-07-25T07:18:19","slug":"startseite","status":"publish","type":"page","link":"https:\/\/internist.kainz.info\/","title":{"rendered":"Startseite"},"content":{"rendered":"\n<h2 class=\"wp-block-heading\">Ordinationszeiten<\/h2>\n\n\n\n<ul>\n<li>Montag 7:30 bis 16:00 Uhr<\/li>\n\n\n\n<li>Dienstag 7:30 bis 16:00 Uhr<\/li>\n\n\n\n<li>Mittwoch 7:30 bis 15:30 Uhr<\/li>\n\n\n\n<li>Donnerstag 7:30 bis 16:00 Uhr<\/li>\n<\/ul>\n\n\n\n<h2 class=\"wp-block-heading\">Hinweise<\/h2>\n\n\n\n<div class=\"wp-block-columns is-layout-flex wp-container-4\">\n<div class=\"wp-block-column is-layout-flow\">\n<h3 class=\"wp-block-heading\">Allgemeines<\/h3>\n\n\n\n<p>F\u00fcr eine komplette Untersuchung ist es sinnvoll, einen Termin zu vereinbaren. Im Akutfall werden Sie nat\u00fcrlich auch ohne Termin untersucht u. behandelt. Bringen Sie bitte Vorbefunde und eine genaue Liste ALLER Ihrer Medikamente mit. Ob Sie n\u00fcchtern kommen sollen, und ob Sie Ihre Medikamente einnehmen k\u00f6nnen, erfragen Sie bitte bei der Anmeldung.<\/p>\n<\/div>\n\n\n\n<div class=\"wp-block-column is-layout-flow\">\n<h3 class=\"wp-block-heading\">Blutabnahmen<\/h3>\n\n\n\n<p>finden t\u00e4glich zu den Ordinationszeiten statt (siehe Labor). F\u00fcr kurz dauernde Besprechungen u. Untersuchungen (z.B. Blutdruckmessen) ben\u00f6tigen Sie keinen Termin, kommen Sie aber bitte vorallem nachmittags daf\u00fcr.<\/p>\n<\/div>\n\n\n\n<div class=\"wp-block-column is-layout-flow\">\n<h3 class=\"wp-block-heading\">Operations\u00advorbreitung<\/h3>\n\n\n\n<p>Melden Sie sich bitte zur internistischen Operationsvorbereitung an, sobald Sie den Termin f\u00fcr Ihre Operation haben. Das erleichtert unsere Terminplanung. Eine Operationsfreigabe ist in dringenden F\u00e4llen noch am Tag vor der Operation m\u00f6glich, der Befund kann dann am n\u00e4chsten Tag abgeholt werden.<\/p>\n<\/div>\n<\/div>\n\n\n\n<h2 class=\"wp-block-heading\">Lageplan<\/h2>\n\n\n\n\n\n<div style=\"height:37px\" aria-hidden=\"true\" class=\"wp-block-spacer\"><\/div>\n\n\n\n<p>Sie finden uns im Zentrum von <em>Krems Obere Landstra\u00dfe 3<\/em> (Haus der Adler Apotheke) in der Fu\u00dfg\u00e4ngerzone. Parkm\u00f6glichkeit besteht in der Kurzparkzone in der Altstadt und auf den Parkpl\u00e4tzen und Parkdecks au\u00dferhalb der Altstadt. Die Ordination befindet sich im 1.Stock, ein Lift ist vorhanden, einige Stufen m\u00fcssen aber \u00fcberwunden werden.<\/p>\n","protected":false},"excerpt":{"rendered":"<p>Ordinationszeiten Hinweise Allgemeines F\u00fcr eine komplette Untersuchung ist es sinnvoll, einen Termin zu vereinbaren. Im Akutfall werden Sie nat\u00fcrlich auch ohne Termin untersucht u. behandelt. Bringen Sie bitte Vorbefunde und eine genaue Liste ALLER Ihrer Medikamente mit. Ob Sie n\u00fcchtern kommen sollen, und ob Sie Ihre Medikamente einnehmen k\u00f6nnen, erfragen Sie bitte bei der Anmeldung. [&hellip;]<\/p>\n","protected":false},"author":1,"featured_media":0,"parent":0,"menu_order":0,"comment_status":"closed","ping_status":"closed","template":"","meta":[],"_links":{"self":[{"href":"https:\/\/internist.kainz.info\/index.php?rest_route=\/wp\/v2\/pages\/7"}],"collection":[{"href":"https:\/\/internist.kainz.info\/index.php?rest_route=\/wp\/v2\/pages"}],"about":[{"href":"https:\/\/internist.kainz.info\/index.php?rest_route=\/wp\/v2\/types\/page"}],"author":[{"embeddable":true,"href":"https:\/\/internist.kainz.info\/index.php?rest_route=\/wp\/v2\/users\/1"}],"replies":[{"embeddable":true,"href":"https:\/\/internist.kainz.info\/index.php?rest_route=%2Fwp%2Fv2%2Fcomments&post=7"}],"version-history":[{"count":10,"href":"https:\/\/internist.kainz.info\/index.php?rest_route=\/wp\/v2\/pages\/7\/revisions"}],"predecessor-version":[{"id":92,"href":"https:\/\/internist.kainz.info\/index.php?rest_route=\/wp\/v2\/pages\/7\/revisions\/92"}],"wp:attachment":[{"href":"https:\/\/internist.kainz.info\/index.php?rest_route=%2Fwp%2Fv2%2Fmedia&parent=7"}],"curies":[{"name":"wp","href":"https:\/\/api.w.org\/{rel}","templated":true}]}}