{"id":30,"date":"2021-04-12T16:18:50","date_gmt":"2021-04-12T16:18:50","guid":{"rendered":"https:\/\/sites.hpkainz.at\/homepage-gerhard\/wordpress-internist-pur\/wordpress\/?page_id=30"},"modified":"2021-04-15T16:04:44","modified_gmt":"2021-04-15T16:04:44","slug":"sonstiges","status":"publish","type":"page","link":"https:\/\/internist.kainz.info\/?page_id=30","title":{"rendered":"Sonstiges"},"content":{"rendered":"\n<h3 class=\"wp-block-heading\">Lungenfunktion<\/h3>\n\n\n\n<p>Mit der Spirometrie werden vor allem Verengungen der Bronchien als Ursache von Atemnot diagnostiziert oder ausgeschlossen. Es handelt sich um eine einfache Untersuchung die jederzeit m\u00f6glich ist. Der Patient muss dazu durch ein Mundst\u00fcck aus- u. einatmen, der Luftfluss wird gemessen und graphisch dargestellt.<\/p>\n\n\n\n<h3 class=\"wp-block-heading\">24 Stunden Blutdruck<\/h3>\n\n\n\n<p>Diese Untersuchung ist gelegentlich zur Beurteilung des Blutdruckverhaltens erforderlich. Der Patient erh\u00e4lt eine Blutdruckmanschette angelegt die mit einem Messger\u00e4t etwa in der Gr\u00f6\u00dfe eines Walkman verbunden ist. Es werden tags\u00fcber und vor allem auch nachts Messungen in vorbestimmten Intervallen durchgef\u00fchrt.<\/p>\n\n\n\n<p>F\u00fcr diese Untersuchung ist eine Terminvereinbarung erforderlich.<\/p>\n\n\n\n<h3 class=\"wp-block-heading\">Operationsvorbereitung<\/h3>\n\n\n\n<p>Die Operationsvorbereitung dient zur Erfassung eventuell bestehender Operationsrisken. Sie umfasst eine genaue Anamnese, ein EKG und eine Blutabnahme. Falls zus\u00e4tzliche Untersuchungen erforderlich sind, werden sie ebenfalls durchgef\u00fchrt oder von mir veranlasst.<\/p>\n\n\n\n<p>Bitte bringen Sie eine genaue Liste aller Ihrer Medikamente mit und notieren Sie eventuell Vorerkrankungen und bisherige Operationen.<\/p>\n","protected":false},"excerpt":{"rendered":"<p>Lungenfunktion Mit der Spirometrie werden vor allem Verengungen der Bronchien als Ursache von Atemnot diagnostiziert oder ausgeschlossen. Es handelt sich um eine einfache Untersuchung die jederzeit m\u00f6glich ist. Der Patient muss dazu durch ein Mundst\u00fcck aus- u. einatmen, der Luftfluss wird gemessen und graphisch dargestellt. 24 Stunden Blutdruck Diese Untersuchung ist gelegentlich zur Beurteilung des [&hellip;]<\/p>\n","protected":false},"author":1,"featured_media":0,"parent":0,"menu_order":0,"comment_status":"closed","ping_status":"closed","template":"","meta":[],"_links":{"self":[{"href":"https:\/\/internist.kainz.info\/index.php?rest_route=\/wp\/v2\/pages\/30"}],"collection":[{"href":"https:\/\/internist.kainz.info\/index.php?rest_route=\/wp\/v2\/pages"}],"about":[{"href":"https:\/\/internist.kainz.info\/index.php?rest_route=\/wp\/v2\/types\/page"}],"author":[{"embeddable":true,"href":"https:\/\/internist.kainz.info\/index.php?rest_route=\/wp\/v2\/users\/1"}],"replies":[{"embeddable":true,"href":"https:\/\/internist.kainz.info\/index.php?rest_route=%2Fwp%2Fv2%2Fcomments&post=30"}],"version-history":[{"count":3,"href":"https:\/\/internist.kainz.info\/index.php?rest_route=\/wp\/v2\/pages\/30\/revisions"}],"predecessor-version":[{"id":71,"href":"https:\/\/internist.kainz.info\/index.php?rest_route=\/wp\/v2\/pages\/30\/revisions\/71"}],"wp:attachment":[{"href":"https:\/\/internist.kainz.info\/index.php?rest_route=%2Fwp%2Fv2%2Fmedia&parent=30"}],"curies":[{"name":"wp","href":"https:\/\/api.w.org\/{rel}","templated":true}]}}