{"id":26,"date":"2021-04-12T16:18:20","date_gmt":"2021-04-12T16:18:20","guid":{"rendered":"https:\/\/sites.hpkainz.at\/homepage-gerhard\/wordpress-internist-pur\/wordpress\/?page_id=26"},"modified":"2021-04-15T16:04:32","modified_gmt":"2021-04-15T16:04:32","slug":"schildrusenuntersuchung","status":"publish","type":"page","link":"https:\/\/internist.kainz.info\/?page_id=26","title":{"rendered":"Schildr\u00fcsenuntersuchung"},"content":{"rendered":"\n<p>Mittels Schilddr\u00fcsenultraschalls und einer Blutabnahme zur Bestimmung der Schilddr\u00fcsenwerte lassen sich Schilddr\u00fcsenerkrankungen zuverl\u00e4ssig feststellen oder ausschlie\u00dfen. Diese Untersuchungen sind auch zur Verlaufskontrolle und Therapie\u00fcberpr\u00fcfung angezeigt. Bei Schilddr\u00fcsenknoten ist oft eine erg\u00e4nzende Szintigraphie notwendig. Diese muss an einer Isotopenabteilung durchgef\u00fchrt werden.<\/p>\n\n\n\n<h3 class=\"wp-block-heading\">Vorbereitung<\/h3>\n\n\n\n<p>Schilddr\u00fcsenhormone sollten am Untersuchungstag nicht eingenommen werden. Sonst ist keine Vorbereitung erforderlich, die Untersuchung kann jederzeit durchgef\u00fchrt werden.<\/p>\n\n\n\n<h3 class=\"wp-block-heading\">Hinweise<\/h3>\n\n\n\n<p>Schilddr\u00fcsenhormone sollen auf n\u00fcchternen Magen ca. eine halbe Stunde vor dem Fr\u00fchst\u00fcck eingenommen werden.<\/p>\n","protected":false},"excerpt":{"rendered":"<p>Mittels Schilddr\u00fcsenultraschalls und einer Blutabnahme zur Bestimmung der Schilddr\u00fcsenwerte lassen sich Schilddr\u00fcsenerkrankungen zuverl\u00e4ssig feststellen oder ausschlie\u00dfen. Diese Untersuchungen sind auch zur Verlaufskontrolle und Therapie\u00fcberpr\u00fcfung angezeigt. Bei Schilddr\u00fcsenknoten ist oft eine erg\u00e4nzende Szintigraphie notwendig. Diese muss an einer Isotopenabteilung durchgef\u00fchrt werden. Vorbereitung Schilddr\u00fcsenhormone sollten am Untersuchungstag nicht eingenommen werden. Sonst ist keine Vorbereitung erforderlich, die Untersuchung [&hellip;]<\/p>\n","protected":false},"author":1,"featured_media":0,"parent":0,"menu_order":0,"comment_status":"closed","ping_status":"closed","template":"","meta":[],"_links":{"self":[{"href":"https:\/\/internist.kainz.info\/index.php?rest_route=\/wp\/v2\/pages\/26"}],"collection":[{"href":"https:\/\/internist.kainz.info\/index.php?rest_route=\/wp\/v2\/pages"}],"about":[{"href":"https:\/\/internist.kainz.info\/index.php?rest_route=\/wp\/v2\/types\/page"}],"author":[{"embeddable":true,"href":"https:\/\/internist.kainz.info\/index.php?rest_route=\/wp\/v2\/users\/1"}],"replies":[{"embeddable":true,"href":"https:\/\/internist.kainz.info\/index.php?rest_route=%2Fwp%2Fv2%2Fcomments&post=26"}],"version-history":[{"count":3,"href":"https:\/\/internist.kainz.info\/index.php?rest_route=\/wp\/v2\/pages\/26\/revisions"}],"predecessor-version":[{"id":70,"href":"https:\/\/internist.kainz.info\/index.php?rest_route=\/wp\/v2\/pages\/26\/revisions\/70"}],"wp:attachment":[{"href":"https:\/\/internist.kainz.info\/index.php?rest_route=%2Fwp%2Fv2%2Fmedia&parent=26"}],"curies":[{"name":"wp","href":"https:\/\/api.w.org\/{rel}","templated":true}]}}