{"id":24,"date":"2021-04-12T16:18:01","date_gmt":"2021-04-12T16:18:01","guid":{"rendered":"https:\/\/sites.hpkainz.at\/homepage-gerhard\/wordpress-internist-pur\/wordpress\/?page_id=24"},"modified":"2021-04-15T16:03:20","modified_gmt":"2021-04-15T16:03:20","slug":"gefasuntersuchungen","status":"publish","type":"page","link":"https:\/\/internist.kainz.info\/?page_id=24","title":{"rendered":"Gef\u00e4\u00dfuntersuchung"},"content":{"rendered":"\n<p>Es k\u00f6nnen die Arterien (Schlagadern) des Halses, die das Gehirn mit Blut versorgen, die Arm- und Beinarterien untersucht werden, Gef\u00e4\u00dfverengungen k\u00f6nnen zuverl\u00e4ssig erkannt werden.<\/p>\n\n\n\n<p>An den Halsschlagadern k\u00f6nnen auch schon beginnende Gef\u00e4\u00dfsch\u00e4den dargestellt werden. Das weist auf ein hohes Herzkreislaufrisiko hin und hilft bei der weiteren Planung vorbeugender Ma\u00dfnahmen.<\/p>\n\n\n\n<h3 class=\"wp-block-heading\">Durchf\u00fchrung<\/h3>\n\n\n\n<p>Die Untersuchung umfasst bei den Beinarterien eine Dopplermessung (Blutdruckmessung am Unterschenkel mit Manschette und Dopplerultraschall) und bei allen Gef\u00e4\u00dfen eine Duplexuntersuchung (gleichzeitige Abbildung des Gef\u00e4\u00dfes mit Bild-Ultraschall und Sichtbarmachung des Blutflusses im Gef\u00e4\u00df mittels Farb-und PW-Dopplerultraschalls).<\/p>\n\n\n\n<h3 class=\"wp-block-heading\">Hinweise<\/h3>\n\n\n\n<p>Eine Untersuchung der Halsschlagadern ist jederzeit m\u00f6glich, die Untersuchung der Beinarterien ist sehr zeitaufwendig und nur im Rahmen eines eigens daf\u00fcr vereinbarten Termines m\u00f6glich. Die Untersuchungen sind schmerzlos, eine spezielle Vorbereitung ist nicht erforderlich.<\/p>\n","protected":false},"excerpt":{"rendered":"<p>Es k\u00f6nnen die Arterien (Schlagadern) des Halses, die das Gehirn mit Blut versorgen, die Arm- und Beinarterien untersucht werden, Gef\u00e4\u00dfverengungen k\u00f6nnen zuverl\u00e4ssig erkannt werden. An den Halsschlagadern k\u00f6nnen auch schon beginnende Gef\u00e4\u00dfsch\u00e4den dargestellt werden. Das weist auf ein hohes Herzkreislaufrisiko hin und hilft bei der weiteren Planung vorbeugender Ma\u00dfnahmen. Durchf\u00fchrung Die Untersuchung umfasst bei den [&hellip;]<\/p>\n","protected":false},"author":1,"featured_media":0,"parent":0,"menu_order":0,"comment_status":"closed","ping_status":"closed","template":"","meta":[],"_links":{"self":[{"href":"https:\/\/internist.kainz.info\/index.php?rest_route=\/wp\/v2\/pages\/24"}],"collection":[{"href":"https:\/\/internist.kainz.info\/index.php?rest_route=\/wp\/v2\/pages"}],"about":[{"href":"https:\/\/internist.kainz.info\/index.php?rest_route=\/wp\/v2\/types\/page"}],"author":[{"embeddable":true,"href":"https:\/\/internist.kainz.info\/index.php?rest_route=\/wp\/v2\/users\/1"}],"replies":[{"embeddable":true,"href":"https:\/\/internist.kainz.info\/index.php?rest_route=%2Fwp%2Fv2%2Fcomments&post=24"}],"version-history":[{"count":4,"href":"https:\/\/internist.kainz.info\/index.php?rest_route=\/wp\/v2\/pages\/24\/revisions"}],"predecessor-version":[{"id":66,"href":"https:\/\/internist.kainz.info\/index.php?rest_route=\/wp\/v2\/pages\/24\/revisions\/66"}],"wp:attachment":[{"href":"https:\/\/internist.kainz.info\/index.php?rest_route=%2Fwp%2Fv2%2Fmedia&parent=24"}],"curies":[{"name":"wp","href":"https:\/\/api.w.org\/{rel}","templated":true}]}}