{"id":22,"date":"2021-04-12T16:17:43","date_gmt":"2021-04-12T16:17:43","guid":{"rendered":"https:\/\/sites.hpkainz.at\/homepage-gerhard\/wordpress-internist-pur\/wordpress\/?page_id=22"},"modified":"2021-04-15T16:03:47","modified_gmt":"2021-04-15T16:03:47","slug":"laboruntersuchungen","status":"publish","type":"page","link":"https:\/\/internist.kainz.info\/?page_id=22","title":{"rendered":"Laboruntersuchungen"},"content":{"rendered":"\n<p>zu einer Blutabnahme k\u00f6nnen sie t\u00e4glich w\u00e4hrend der Ordinationszeiten kommen . Es k\u00f6nnen alle relevanten Laborwerte bestimmt werden. Viele Werte werden in meinem eigenen Labor bestimmt, speziellere Untersuchungen f\u00fchrt das Labor Dr. Winter in Wien durch.<\/p>\n\n\n\n<p>Ihren Laborbefund erhalten Sie in der Regel am n\u00e4chsten Tag.<\/p>\n\n\n\n<h3 class=\"wp-block-heading\">Hinweise<\/h3>\n\n\n\n<p>F\u00fcr eine ausf\u00fchrliche Blutuntersuchung kommen Sie bitte morgens n\u00fcchtern (12h nichts essen u. nur Wasser trinken). Ihre Medikamente k\u00f6nnen Sie in der Regel einnehmen (Ausnahmen: Schilddr\u00fcsenmedikamente u. Blutverd\u00fcnnungsmittel, bei Zuckerkrankheit). Viele Laborwerte, vor allem erg\u00e4nzende Befunde und Kontrollen k\u00f6nnen auch bestimmt werden, wenn Sie nicht n\u00fcchtern sind. Sie k\u00f6nnen dann jederzeit kommen. Genaueres erfragen Sie bitte bei der Anmeldung. Kontrollen der Blutgerinnung finden t\u00e4glich vormittags, montags bis 14 Uhr statt.<\/p>\n\n\n\n<h3 class=\"wp-block-heading\">Achtung<\/h3>\n\n\n\n<p>Wenn Sie unter Zuckerkrankheit (Diabetes mellitus) leiden, d\u00fcrfen Sie keinesfalls blutzuckersenkende Medikamente einnehmen oder Insulin spritzen, wenn Sie n\u00fcchtern bleiben. Lassen Sie diese Medikamente und Insulin weg und teilen Sie uns beider Anmeldung mit, dass Sie zuckerkrank sind.<\/p>\n","protected":false},"excerpt":{"rendered":"<p>zu einer Blutabnahme k\u00f6nnen sie t\u00e4glich w\u00e4hrend der Ordinationszeiten kommen . Es k\u00f6nnen alle relevanten Laborwerte bestimmt werden. Viele Werte werden in meinem eigenen Labor bestimmt, speziellere Untersuchungen f\u00fchrt das Labor Dr. Winter in Wien durch. Ihren Laborbefund erhalten Sie in der Regel am n\u00e4chsten Tag. Hinweise F\u00fcr eine ausf\u00fchrliche Blutuntersuchung kommen Sie bitte morgens [&hellip;]<\/p>\n","protected":false},"author":1,"featured_media":0,"parent":0,"menu_order":0,"comment_status":"closed","ping_status":"closed","template":"","meta":[],"_links":{"self":[{"href":"https:\/\/internist.kainz.info\/index.php?rest_route=\/wp\/v2\/pages\/22"}],"collection":[{"href":"https:\/\/internist.kainz.info\/index.php?rest_route=\/wp\/v2\/pages"}],"about":[{"href":"https:\/\/internist.kainz.info\/index.php?rest_route=\/wp\/v2\/types\/page"}],"author":[{"embeddable":true,"href":"https:\/\/internist.kainz.info\/index.php?rest_route=\/wp\/v2\/users\/1"}],"replies":[{"embeddable":true,"href":"https:\/\/internist.kainz.info\/index.php?rest_route=%2Fwp%2Fv2%2Fcomments&post=22"}],"version-history":[{"count":3,"href":"https:\/\/internist.kainz.info\/index.php?rest_route=\/wp\/v2\/pages\/22\/revisions"}],"predecessor-version":[{"id":68,"href":"https:\/\/internist.kainz.info\/index.php?rest_route=\/wp\/v2\/pages\/22\/revisions\/68"}],"wp:attachment":[{"href":"https:\/\/internist.kainz.info\/index.php?rest_route=%2Fwp%2Fv2%2Fmedia&parent=22"}],"curies":[{"name":"wp","href":"https:\/\/api.w.org\/{rel}","templated":true}]}}