{"id":20,"date":"2021-04-12T16:17:23","date_gmt":"2021-04-12T16:17:23","guid":{"rendered":"https:\/\/sites.hpkainz.at\/homepage-gerhard\/wordpress-internist-pur\/wordpress\/?page_id=20"},"modified":"2021-04-15T16:03:33","modified_gmt":"2021-04-15T16:03:33","slug":"herzultraschall","status":"publish","type":"page","link":"https:\/\/internist.kainz.info\/?page_id=20","title":{"rendered":"Herzultraschall"},"content":{"rendered":"\n<p>Der Herzultraschall (Herzecho) ist eine schmerzlose und nicht belastende Untersuchung, sodass er auch f\u00fcr Kinder und S\u00e4uglinge gut geeignet ist.<\/p>\n\n\n\n<p>Ein Herzecho wird durchgef\u00fchrt bei Verdacht auf:<\/p>\n\n\n\n<ul><li>Herzmuskelerkrankungen<\/li><li>Herzklappenerkrankungen<\/li><li>Herzmuskelentz\u00fcndung<\/li><li>Herzbeutelentz\u00fcndung<\/li><li>angeborene Herzfehler (auch bei Kindern)<\/li><li>Herzkranzgef\u00e4\u00dfverkalkung (als Zusatzuntersuchung)<\/li><li>zur Verlaufskontrolle<\/li><\/ul>\n\n\n\n<h3 class=\"wp-block-heading\">Hinweise<\/h3>\n\n\n\n<p>Es werden mittels Ultraschall und Dopplerultraschall die Strukturen des Herzens dargestellt und der Blutfluss im Herzen sichtbar und h\u00f6rbar gemacht. Das Herzecho ist eine der Basisuntersuchungen bei jeder cardiologischen Abkl\u00e4rung. Die Untersuchung ist ohne besondere Vorbereitung jederzeit m\u00f6glich.<\/p>\n","protected":false},"excerpt":{"rendered":"<p>Der Herzultraschall (Herzecho) ist eine schmerzlose und nicht belastende Untersuchung, sodass er auch f\u00fcr Kinder und S\u00e4uglinge gut geeignet ist. Ein Herzecho wird durchgef\u00fchrt bei Verdacht auf: Herzmuskelerkrankungen Herzklappenerkrankungen Herzmuskelentz\u00fcndung Herzbeutelentz\u00fcndung angeborene Herzfehler (auch bei Kindern) Herzkranzgef\u00e4\u00dfverkalkung (als Zusatzuntersuchung) zur Verlaufskontrolle Hinweise Es werden mittels Ultraschall und Dopplerultraschall die Strukturen des Herzens dargestellt und der [&hellip;]<\/p>\n","protected":false},"author":1,"featured_media":0,"parent":0,"menu_order":0,"comment_status":"closed","ping_status":"closed","template":"","meta":[],"_links":{"self":[{"href":"https:\/\/internist.kainz.info\/index.php?rest_route=\/wp\/v2\/pages\/20"}],"collection":[{"href":"https:\/\/internist.kainz.info\/index.php?rest_route=\/wp\/v2\/pages"}],"about":[{"href":"https:\/\/internist.kainz.info\/index.php?rest_route=\/wp\/v2\/types\/page"}],"author":[{"embeddable":true,"href":"https:\/\/internist.kainz.info\/index.php?rest_route=\/wp\/v2\/users\/1"}],"replies":[{"embeddable":true,"href":"https:\/\/internist.kainz.info\/index.php?rest_route=%2Fwp%2Fv2%2Fcomments&post=20"}],"version-history":[{"count":3,"href":"https:\/\/internist.kainz.info\/index.php?rest_route=\/wp\/v2\/pages\/20\/revisions"}],"predecessor-version":[{"id":67,"href":"https:\/\/internist.kainz.info\/index.php?rest_route=\/wp\/v2\/pages\/20\/revisions\/67"}],"wp:attachment":[{"href":"https:\/\/internist.kainz.info\/index.php?rest_route=%2Fwp%2Fv2%2Fmedia&parent=20"}],"curies":[{"name":"wp","href":"https:\/\/api.w.org\/{rel}","templated":true}]}}