{"id":18,"date":"2021-04-12T16:16:56","date_gmt":"2021-04-12T16:16:56","guid":{"rendered":"https:\/\/sites.hpkainz.at\/homepage-gerhard\/wordpress-internist-pur\/wordpress\/?page_id=18"},"modified":"2021-04-15T16:03:01","modified_gmt":"2021-04-15T16:03:01","slug":"ergometrie","status":"publish","type":"page","link":"https:\/\/internist.kainz.info\/?page_id=18","title":{"rendered":"Ergometrie"},"content":{"rendered":"\n<p>Mit dem Belastungs-EKG (Ergometrie) werden die Herzkranzgef\u00e4\u00dfe untersucht. Zus\u00e4tzlich ergeben sich Hinweise auf andere Herzerkrankungen. Die Untersuchung ist auch zur Beurteilung des Bludruckverhaltens und der Leistungsf\u00e4higkeit geeignet. Vor Beginn eines intensiveren Trainings ist es sinnvoll die Herz-Kreislauffunktion damit zu \u00fcberpr\u00fcfen. Die Trainingsherzfrequenz kann ebenfalls festgelegt werden.<\/p>\n\n\n\n<h3 class=\"wp-block-heading\">Durchf\u00fchrung<\/h3>\n\n\n\n<p>Die Belastung erfolgt mit einem Zimmerfahrrad unter laufender EKG-\u00dcberwachung. Die Belastung wird jeweils nach zwei Minuten erh\u00f6ht, bis die Leistungsgrenze erreicht ist. Der Blutdruck wird am Ende jeder Leistungsstufe gemessen.<\/p>\n\n\n\n<h3 class=\"wp-block-heading\">Hinweise<\/h3>\n\n\n\n<p>Bei Kontrolluntersuchungen nehemen Sie bitte Ihre Medikamente wie gewohnt. Bei einer erstmaligen Untersuchung bitte keine Herz\/Kreislaufmedikamente einnehmen. Wenn Sie Blutdruckmedikamente einnehmen, fragen Sie bitte bei der Anmeldung, ob Sie diese Medikamente vor der Untersuchung einnehmen sollen.<\/p>\n","protected":false},"excerpt":{"rendered":"<p>Mit dem Belastungs-EKG (Ergometrie) werden die Herzkranzgef\u00e4\u00dfe untersucht. Zus\u00e4tzlich ergeben sich Hinweise auf andere Herzerkrankungen. Die Untersuchung ist auch zur Beurteilung des Bludruckverhaltens und der Leistungsf\u00e4higkeit geeignet. Vor Beginn eines intensiveren Trainings ist es sinnvoll die Herz-Kreislauffunktion damit zu \u00fcberpr\u00fcfen. Die Trainingsherzfrequenz kann ebenfalls festgelegt werden. Durchf\u00fchrung Die Belastung erfolgt mit einem Zimmerfahrrad unter laufender [&hellip;]<\/p>\n","protected":false},"author":1,"featured_media":0,"parent":0,"menu_order":0,"comment_status":"closed","ping_status":"closed","template":"","meta":[],"_links":{"self":[{"href":"https:\/\/internist.kainz.info\/index.php?rest_route=\/wp\/v2\/pages\/18"}],"collection":[{"href":"https:\/\/internist.kainz.info\/index.php?rest_route=\/wp\/v2\/pages"}],"about":[{"href":"https:\/\/internist.kainz.info\/index.php?rest_route=\/wp\/v2\/types\/page"}],"author":[{"embeddable":true,"href":"https:\/\/internist.kainz.info\/index.php?rest_route=\/wp\/v2\/users\/1"}],"replies":[{"embeddable":true,"href":"https:\/\/internist.kainz.info\/index.php?rest_route=%2Fwp%2Fv2%2Fcomments&post=18"}],"version-history":[{"count":3,"href":"https:\/\/internist.kainz.info\/index.php?rest_route=\/wp\/v2\/pages\/18\/revisions"}],"predecessor-version":[{"id":65,"href":"https:\/\/internist.kainz.info\/index.php?rest_route=\/wp\/v2\/pages\/18\/revisions\/65"}],"wp:attachment":[{"href":"https:\/\/internist.kainz.info\/index.php?rest_route=%2Fwp%2Fv2%2Fmedia&parent=18"}],"curies":[{"name":"wp","href":"https:\/\/api.w.org\/{rel}","templated":true}]}}