{"id":14,"date":"2021-04-12T16:14:42","date_gmt":"2021-04-12T16:14:42","guid":{"rendered":"https:\/\/sites.hpkainz.at\/homepage-gerhard\/wordpress-internist-pur\/wordpress\/?page_id=14"},"modified":"2021-04-17T09:58:15","modified_gmt":"2021-04-17T09:58:15","slug":"leistungsangebot","status":"publish","type":"page","link":"https:\/\/internist.kainz.info\/?page_id=14","title":{"rendered":"Leistungsangebot"},"content":{"rendered":"\n<ul><li><a href=\"https:\/\/sites.hpkainz.at\/homepage-gerhard\/wordpress-internist-pur\/wordpress\/?page_id=28\">Ergometrie<\/a><\/li><li>Herzultraschall<\/li><li>Gef\u00e4\u00dfuntersuchungen<\/li><li>Laboruntersuchungen<\/li><li>24 Stunden EKG<\/li><li>Schildr\u00fcsenuntersuchung<\/li><li>Sonstiges<\/li><\/ul>\n","protected":false},"excerpt":{"rendered":"<p>Ergometrie Herzultraschall Gef\u00e4\u00dfuntersuchungen Laboruntersuchungen 24 Stunden EKG Schildr\u00fcsenuntersuchung Sonstiges<\/p>\n","protected":false},"author":1,"featured_media":0,"parent":0,"menu_order":0,"comment_status":"closed","ping_status":"closed","template":"","meta":[],"_links":{"self":[{"href":"https:\/\/internist.kainz.info\/index.php?rest_route=\/wp\/v2\/pages\/14"}],"collection":[{"href":"https:\/\/internist.kainz.info\/index.php?rest_route=\/wp\/v2\/pages"}],"about":[{"href":"https:\/\/internist.kainz.info\/index.php?rest_route=\/wp\/v2\/types\/page"}],"author":[{"embeddable":true,"href":"https:\/\/internist.kainz.info\/index.php?rest_route=\/wp\/v2\/users\/1"}],"replies":[{"embeddable":true,"href":"https:\/\/internist.kainz.info\/index.php?rest_route=%2Fwp%2Fv2%2Fcomments&post=14"}],"version-history":[{"count":3,"href":"https:\/\/internist.kainz.info\/index.php?rest_route=\/wp\/v2\/pages\/14\/revisions"}],"predecessor-version":[{"id":75,"href":"https:\/\/internist.kainz.info\/index.php?rest_route=\/wp\/v2\/pages\/14\/revisions\/75"}],"wp:attachment":[{"href":"https:\/\/internist.kainz.info\/index.php?rest_route=%2Fwp%2Fv2%2Fmedia&parent=14"}],"curies":[{"name":"wp","href":"https:\/\/api.w.org\/{rel}","templated":true}]}}